{"id":2,"date":"2023-08-14T16:27:26","date_gmt":"2023-08-14T14:27:26","guid":{"rendered":"http:\/\/alma-impact.fr\/?page_id=2"},"modified":"2023-10-25T13:50:45","modified_gmt":"2023-10-25T11:50:45","slug":"page-d-exemple","status":"publish","type":"page","link":"https:\/\/alma-impact.fr\/","title":{"rendered":"Alma Impact :"},"content":{"rendered":"\t\t<div data-elementor-type=\"wp-page\" data-elementor-id=\"2\" class=\"elementor elementor-2\">\n\t\t\t\t\t\t\t<div class=\"elementor-element elementor-element-6775b494 e-flex e-con-boxed e-con e-parent\" data-id=\"6775b494\" data-element_type=\"container\" data-settings=\"{&quot;content_width&quot;:&quot;boxed&quot;}\" data-core-v316-plus=\"true\">\n\t\t\t\t\t<div class=\"e-con-inner\">\n\t\t\t\t<div class=\"elementor-element elementor-element-61358c7d elementor-widget elementor-widget-text-editor\" data-id=\"61358c7d\" data-element_type=\"widget\" data-widget_type=\"text-editor.default\">\n\t\t\t\t<div class=\"elementor-widget-container\">\n\t\t\t<style>\/*! elementor - v3.17.0 - 25-10-2023 *\/\n.elementor-widget-text-editor.elementor-drop-cap-view-stacked .elementor-drop-cap{background-color:#69727d;color:#fff}.elementor-widget-text-editor.elementor-drop-cap-view-framed .elementor-drop-cap{color:#69727d;border:3px solid;background-color:transparent}.elementor-widget-text-editor:not(.elementor-drop-cap-view-default) .elementor-drop-cap{margin-top:8px}.elementor-widget-text-editor:not(.elementor-drop-cap-view-default) .elementor-drop-cap-letter{width:1em;height:1em}.elementor-widget-text-editor .elementor-drop-cap{float:left;text-align:center;line-height:1;font-size:50px}.elementor-widget-text-editor .elementor-drop-cap-letter{display:inline-block}<\/style>\t\t\t\t<p><!-- wp:heading {\"level\":3} --><\/p>\n<h3 class=\"wp-block-heading\">Pour une soci\u00e9t\u00e9 plus \u00e9quitable et inclusive<\/h3>\n<p><!-- \/wp:heading --><\/p>\n<p><!-- wp:columns --><\/p>\n<div class=\"wp-block-columns\">\n<p><!-- wp:column {\"width\":\"33.33%\"} --><\/p>\n<div class=\"wp-block-column\" style=\"flex-basis: 33.33%;\">\n<p><!-- wp:paragraph --><\/p>\n<p>Alma Impact est bien plus qu&#8217;une simple association \u00e0 but non lucratif. C&#8217;est une communaut\u00e9 engag\u00e9e dans une mission noble : promouvoir l&#8217;insertion sociale et professionnelle de personnes \u00e9loign\u00e9es du march\u00e9 du travail, en difficult\u00e9 professionnelle, en situation d&#8217;insertion ou en situation de handicap, en particulier dans le secteur du b\u00e2timent.<\/p>\n<p><!-- \/wp:paragraph --><\/p>\n<\/div>\n<p><!-- \/wp:column --><\/p>\n<p><!-- wp:column {\"width\":\"66.66%\"} --><\/p>\n<div class=\"wp-block-column\" style=\"flex-basis: 66.66%;\">\n<p><!-- wp:image {\"id\":47,\"width\":\"313px\",\"height\":\"auto\",\"aspectRatio\":\"1.3989071038251366\",\"sizeSlug\":\"large\",\"linkDestination\":\"none\"} --><\/p>\n<figure class=\"wp-block-image size-large is-resized\"><img fetchpriority=\"high\" decoding=\"async\" width=\"1024\" height=\"732\" class=\"wp-image-47\" style=\"aspect-ratio: 1.3989071038251366; width: 313px; height: auto;\" src=\"https:\/\/alma-impact.fr\/wp-content\/uploads\/2023\/10\/IMG_3012-1-1024x732.jpg\" alt=\"\" srcset=\"https:\/\/alma-impact.fr\/wp-content\/uploads\/2023\/10\/IMG_3012-1-1024x732.jpg 1024w, https:\/\/alma-impact.fr\/wp-content\/uploads\/2023\/10\/IMG_3012-1-350x250.jpg 350w, https:\/\/alma-impact.fr\/wp-content\/uploads\/2023\/10\/IMG_3012-1-300x214.jpg 300w, https:\/\/alma-impact.fr\/wp-content\/uploads\/2023\/10\/IMG_3012-1-768x549.jpg 768w, https:\/\/alma-impact.fr\/wp-content\/uploads\/2023\/10\/IMG_3012-1-1536x1097.jpg 1536w, https:\/\/alma-impact.fr\/wp-content\/uploads\/2023\/10\/IMG_3012-1-2048x1463.jpg 2048w, https:\/\/alma-impact.fr\/wp-content\/uploads\/2023\/10\/IMG_3012-1-1320x943.jpg 1320w\" sizes=\"(max-width: 706px) 89vw, (max-width: 767px) 82vw, 740px\" \/><\/figure>\n<p><!-- \/wp:image --><\/p>\n<\/div>\n<p><!-- \/wp:column --><\/p>\n<\/div>\n<p><!-- \/wp:columns --><\/p>\n<p><!-- wp:columns --><\/p>\n<div class=\"wp-block-columns\">\n<p><!-- wp:column --><\/p>\n<div class=\"wp-block-column\">\n<p><!-- wp:paragraph --><\/p>\n<p>Notre engagement envers cette cause d\u00e9coule de notre conviction profonde qu&#8217;une soci\u00e9t\u00e9 v\u00e9ritablement prosp\u00e8re est une soci\u00e9t\u00e9 qui offre des opportunit\u00e9s \u00e0 tous, sans distinction. C&#8217;est pourquoi nous avons pris l&#8217;initiative d&#8217;offrir des opportunit\u00e9s d&#8217;emploi, de formation et d&#8217;accompagnement social \u00e0 nos b\u00e9n\u00e9ficiaires, afin de d\u00e9velopper leurs comp\u00e9tences professionnelles et personnelles, favorisant ainsi leur inclusion active dans la soci\u00e9t\u00e9.<\/p>\n<p><!-- \/wp:paragraph --><\/p>\n<\/div>\n<p><!-- \/wp:column --><\/p>\n<\/div>\n<p><!-- \/wp:columns --><\/p>\n<p><!-- wp:columns --><\/p>\n<div class=\"wp-block-columns\">\n<p><!-- wp:column {\"width\":\"33.33%\"} --><\/p>\n<div class=\"wp-block-column\" style=\"flex-basis: 33.33%;\">\n<p><!-- wp:image {\"id\":48,\"width\":\"278px\",\"height\":\"auto\",\"aspectRatio\":\"0.71484375\",\"sizeSlug\":\"large\",\"linkDestination\":\"none\"} --><\/p>\n<figure class=\"wp-block-image size-large is-resized\"><img decoding=\"async\" width=\"732\" height=\"1024\" class=\"wp-image-48\" style=\"aspect-ratio: 0.71484375; width: 278px; height: auto;\" src=\"https:\/\/alma-impact.fr\/wp-content\/uploads\/2023\/10\/compressee-1-732x1024.jpg\" alt=\"\" srcset=\"https:\/\/alma-impact.fr\/wp-content\/uploads\/2023\/10\/compressee-1-732x1024.jpg 732w, https:\/\/alma-impact.fr\/wp-content\/uploads\/2023\/10\/compressee-1-350x490.jpg 350w, https:\/\/alma-impact.fr\/wp-content\/uploads\/2023\/10\/compressee-1-214x300.jpg 214w, https:\/\/alma-impact.fr\/wp-content\/uploads\/2023\/10\/compressee-1-768x1075.jpg 768w, https:\/\/alma-impact.fr\/wp-content\/uploads\/2023\/10\/compressee-1-1097x1536.jpg 1097w, https:\/\/alma-impact.fr\/wp-content\/uploads\/2023\/10\/compressee-1-1463x2048.jpg 1463w, https:\/\/alma-impact.fr\/wp-content\/uploads\/2023\/10\/compressee-1-1320x1848.jpg 1320w, https:\/\/alma-impact.fr\/wp-content\/uploads\/2023\/10\/compressee-1.jpg 1786w\" sizes=\"(max-width: 732px) 100vw, 732px\" \/><\/figure>\n<p><!-- \/wp:image --><\/p>\n<\/div>\n<p><!-- \/wp:column --><\/p>\n<p><!-- wp:column {\"width\":\"66.66%\"} --><\/p>\n<div class=\"wp-block-column\" style=\"flex-basis: 66.66%;\">\n<p><!-- wp:paragraph --><\/p>\n<p>Chez Alma Impact, nous croyons en la puissance des partenariats. Nous collaborons avec des entreprises priv\u00e9es, des entreprises adapt\u00e9es, des institutions \u00e9ducatives et des initiatives de transf\u00e9rabilit\u00e9 de comp\u00e9tences ou de formations sp\u00e9cialis\u00e9es pour cr\u00e9er un impact positif et durable dans le secteur du b\u00e2timent. Ensemble, nous contribuons \u00e0 la construction d&#8217;une soci\u00e9t\u00e9 plus \u00e9quitable et inclusive, o\u00f9 chaque individu a la possibilit\u00e9 de s&#8217;\u00e9panouir et de contribuer \u00e0 son plein potentiel.<\/p>\n<p><!-- \/wp:paragraph --><\/p>\n<\/div>\n<p><!-- \/wp:column --><\/p>\n<\/div>\n<p><!-- \/wp:columns --><\/p>\n<p><!-- wp:columns --><\/p>\n<div class=\"wp-block-columns\">\n<p><!-- wp:column --><\/p>\n<div class=\"wp-block-column\">\n<p><!-- wp:paragraph --><\/p>\n<p>Au-del\u00e0 de nos fronti\u00e8res nationales, Alma Impact aspire \u00e9galement \u00e0 initier et \u00e0 accompagner des projets \u00e0 l&#8217;international, car nous croyons que les d\u00e9fis que nous relevons ici sont universels, et notre engagement s&#8217;\u00e9tend au-del\u00e0 des fronti\u00e8res.<\/p>\n<p><!-- \/wp:paragraph --><\/p>\n<p><!-- wp:paragraph --><\/p>\n<p>Nous vous invitons \u00e0 explorer notre site pour en apprendre davantage sur nos programmes, nos partenaires et nos r\u00e9alisations. Si vous partagez notre vision d&#8217;une soci\u00e9t\u00e9 plus \u00e9quitable et inclusive, n&#8217;h\u00e9sitez pas \u00e0 vous impliquer en tant que b\u00e9n\u00e9vole, \u00e0 devenir membre ou \u00e0 nous soutenir financi\u00e8rement.<\/p>\n<p><!-- \/wp:paragraph --><\/p>\n<\/div>\n<p><span style=\"color: var( --e-global-color-text ); font-family: var( --e-global-typography-text-font-family ), Sans-serif; font-weight: var( --e-global-typography-text-font-weight ); text-align: var(--text-align); font-size: 1rem;\">&nbsp;<\/span><\/p>\n<p><\/p>\n<\/div>\n<blockquote class=\"wp-block-quote\"><span style=\"color: var( --e-global-color-text ); font-family: var( --e-global-typography-text-font-family ), Sans-serif; font-weight: var( --e-global-typography-text-font-weight ); text-align: var(--text-align); font-size: 1rem;\">Merci de votre int\u00e9r\u00eat pour Alma Impact.&nbsp;<\/span><br><\/blockquote><div class=\"wp-block-columns\"><div class=\"wp-block-column\">\n<p>Ensemble, nous sommes une force pour le changement, pour une soci\u00e9t\u00e9 o\u00f9 chaque individu compte.<\/p>\n<p><\/p>\n<p><!-- \/wp:paragraph --><\/p>\n<p><!-- wp:paragraph --><\/p>\n<p>Rejoignez-nous dans cette aventure.<\/p>\n<p><!-- \/wp:paragraph --><\/p>\n<\/div>\n<p><!-- \/wp:column --><\/p>\n<\/div>\n<p><!-- \/wp:columns --><\/p>\t\t\t\t\t\t<\/div>\n\t\t\t\t<\/div>\n\t\t\t\t\t<\/div>\n\t\t\t\t<\/div>\n\t\t\t\t\t\t\t<\/div>\n\t\t","protected":false},"excerpt":{"rendered":"<p>Pour une soci\u00e9t\u00e9 plus \u00e9quitable et inclusive Alma Impact est bien plus qu&#8217;une simple association \u00e0 but non lucratif. C&#8217;est une communaut\u00e9 engag\u00e9e dans une mission noble : promouvoir l&#8217;insertion sociale et professionnelle de personnes \u00e9loign\u00e9es du march\u00e9 du travail, en difficult\u00e9 professionnelle, en situation d&#8217;insertion ou en situation de handicap, en particulier dans le &hellip; <\/p>\n<p class=\"link-more\"><a href=\"https:\/\/alma-impact.fr\/\" class=\"more-link\">Continuer la lecture<span class=\"screen-reader-text\"> de &laquo;&nbsp;Alma Impact :&nbsp;&raquo;<\/span><\/a><\/p>\n","protected":false},"author":1,"featured_media":0,"parent":0,"menu_order":0,"comment_status":"closed","ping_status":"open","template":"","meta":{"footnotes":""},"_links":{"self":[{"href":"https:\/\/alma-impact.fr\/index.php?rest_route=\/wp\/v2\/pages\/2"}],"collection":[{"href":"https:\/\/alma-impact.fr\/index.php?rest_route=\/wp\/v2\/pages"}],"about":[{"href":"https:\/\/alma-impact.fr\/index.php?rest_route=\/wp\/v2\/types\/page"}],"author":[{"embeddable":true,"href":"https:\/\/alma-impact.fr\/index.php?rest_route=\/wp\/v2\/users\/1"}],"replies":[{"embeddable":true,"href":"https:\/\/alma-impact.fr\/index.php?rest_route=%2Fwp%2Fv2%2Fcomments&post=2"}],"version-history":[{"count":30,"href":"https:\/\/alma-impact.fr\/index.php?rest_route=\/wp\/v2\/pages\/2\/revisions"}],"predecessor-version":[{"id":84,"href":"https:\/\/alma-impact.fr\/index.php?rest_route=\/wp\/v2\/pages\/2\/revisions\/84"}],"wp:attachment":[{"href":"https:\/\/alma-impact.fr\/index.php?rest_route=%2Fwp%2Fv2%2Fmedia&parent=2"}],"curies":[{"name":"wp","href":"https:\/\/api.w.org\/{rel}","templated":true}]}}