{"id":91,"date":"2023-10-25T13:58:51","date_gmt":"2023-10-25T11:58:51","guid":{"rendered":"https:\/\/alma-impact.fr\/?page_id=91"},"modified":"2023-10-25T14:08:14","modified_gmt":"2023-10-25T12:08:14","slug":"notre-histoire-et-nos-engagements","status":"publish","type":"page","link":"https:\/\/alma-impact.fr\/?page_id=91","title":{"rendered":"Notre Histoire et Nos Engagements"},"content":{"rendered":"\n<p><em>15 Ans d&#8217;Exp\u00e9rience dans le Secteur M\u00e9dico-Social<\/em><\/p>\n\n\n\n<p>Depuis notre fondation il y a 15 ans, Alma Impact s&#8217;est engag\u00e9e dans une mission profond\u00e9ment humanitaire : apporter un soutien vital aux personnes en situation de vuln\u00e9rabilit\u00e9. Notre histoire est marqu\u00e9e par notre d\u00e9vouement \u00e0 l&#8217;accompagnement des publics issus de l&#8217;insertion et des personnes souffrant de troubles psychiques. Dans cette aventure, nous avons tiss\u00e9 un maillage social solide, cr\u00e9\u00e9 des emplois significatifs, et favoris\u00e9 l&#8217;acc\u00e8s \u00e0 un logement \u00e9ducatif s\u00e9curis\u00e9.<\/p>\n\n\n\n<p>Nous avons toujours cru en la puissance de l&#8217;inclusion et de l&#8217;accompagnement individualis\u00e9 pour redonner espoir et autonomie \u00e0 ceux qui en ont le plus besoin. Notre \u00e9quipe d\u00e9vou\u00e9e travaille chaque jour pour \u00e9tablir des liens significatifs avec nos b\u00e9n\u00e9ficiaires, en veillant \u00e0 ce qu&#8217;ils puissent se reconstruire et s&#8217;\u00e9panouir.<\/p>\n\n\n\n<p><em>10 Ans d&#8217;Exp\u00e9rience avec Alma, Notre Entreprise dans le Secteur du B\u00e2timent<\/em><\/p>\n\n\n\n<p>Fort de notre exp\u00e9rience dans le secteur m\u00e9dico-social, nous avons r\u00e9alis\u00e9 que l&#8217;emploi est l&#8217;un des piliers essentiels de l&#8217;inclusion sociale. C&#8217;est pourquoi, il y a 10 ans, nous avons d\u00e9cid\u00e9 de franchir une nouvelle \u00e9tape en fondant Alma, une entreprise dans le secteur du b\u00e2timent. Alma est n\u00e9e de notre conviction que chaque individu m\u00e9rite une chance \u00e9quitable de contribuer \u00e0 la soci\u00e9t\u00e9.<\/p>\n\n\n\n<p>Depuis lors, Alma s&#8217;est d\u00e9velopp\u00e9e avec succ\u00e8s, cr\u00e9ant des emplois stables et formant des travailleurs comp\u00e9tents dans le domaine de la construction. Nous sommes fiers de contribuer activement au secteur du b\u00e2timent tout en offrant des opportunit\u00e9s professionnelles aux personnes qui \u00e9taient autrefois marginalis\u00e9es.<\/p>\n\n\n\n<p><strong>Nos Engagements Futurs<\/strong><\/p>\n\n\n\n<p>Au fil des ann\u00e9es, notre engagement envers l&#8217;inclusion et la cr\u00e9ation de chances \u00e9quitables n&#8217;a fait que se renforcer. Nous continuerons \u00e0 \u0153uvrer pour une soci\u00e9t\u00e9 plus juste et plus inclusive, o\u00f9 chaque individu peut r\u00e9aliser son potentiel. Nous restons d\u00e9termin\u00e9s \u00e0 \u00e9tablir des partenariats solides avec le secteur m\u00e9dico-social, le secteur du b\u00e2timent, et au-del\u00e0, pour cr\u00e9er un impact durable.<\/p>\n\n\n\n<p>Notre histoire est celle de l&#8217;espoir, de la r\u00e9silience et de la transformation. Ensemble, nous construisons un avenir o\u00f9 chaque personne a sa place, o\u00f9 chaque talent est valoris\u00e9, et o\u00f9 chaque individu peut se sentir pleinement int\u00e9gr\u00e9 dans notre soci\u00e9t\u00e9.<\/p>\n\n\n\n<p>Rejoignez-nous dans notre engagement continu pour un monde meilleur.<\/p>\n\n\n\n<figure class=\"wp-block-image size-large\"><img fetchpriority=\"high\" decoding=\"async\" width=\"1024\" height=\"683\" src=\"http:\/\/alma-impact.fr\/wp-content\/uploads\/2023\/10\/IMG_2924-1024x683.jpg\" alt=\"\" class=\"wp-image-103\" srcset=\"https:\/\/alma-impact.fr\/wp-content\/uploads\/2023\/10\/IMG_2924-1024x683.jpg 1024w, https:\/\/alma-impact.fr\/wp-content\/uploads\/2023\/10\/IMG_2924-300x200.jpg 300w, https:\/\/alma-impact.fr\/wp-content\/uploads\/2023\/10\/IMG_2924-768x512.jpg 768w, https:\/\/alma-impact.fr\/wp-content\/uploads\/2023\/10\/IMG_2924-1536x1024.jpg 1536w, https:\/\/alma-impact.fr\/wp-content\/uploads\/2023\/10\/IMG_2924-2048x1366.jpg 2048w, https:\/\/alma-impact.fr\/wp-content\/uploads\/2023\/10\/IMG_2924-1320x880.jpg 1320w, https:\/\/alma-impact.fr\/wp-content\/uploads\/2023\/10\/IMG_2924-350x233.jpg 350w\" sizes=\"(max-width: 706px) 89vw, (max-width: 767px) 82vw, 740px\" \/><\/figure>\n","protected":false},"excerpt":{"rendered":"<p>15 Ans d&#8217;Exp\u00e9rience dans le Secteur M\u00e9dico-Social Depuis notre fondation il y a 15 ans, Alma Impact s&#8217;est engag\u00e9e dans une mission profond\u00e9ment humanitaire : apporter un soutien vital aux personnes en situation de vuln\u00e9rabilit\u00e9. Notre histoire est marqu\u00e9e par notre d\u00e9vouement \u00e0 l&#8217;accompagnement des publics issus de l&#8217;insertion et des personnes souffrant de troubles &hellip; <\/p>\n<p class=\"link-more\"><a href=\"https:\/\/alma-impact.fr\/?page_id=91\" class=\"more-link\">Continuer la lecture<span class=\"screen-reader-text\"> de &laquo;&nbsp;Notre Histoire et Nos Engagements&nbsp;&raquo;<\/span><\/a><\/p>\n","protected":false},"author":1,"featured_media":0,"parent":0,"menu_order":0,"comment_status":"closed","ping_status":"closed","template":"","meta":{"footnotes":""},"_links":{"self":[{"href":"https:\/\/alma-impact.fr\/index.php?rest_route=\/wp\/v2\/pages\/91"}],"collection":[{"href":"https:\/\/alma-impact.fr\/index.php?rest_route=\/wp\/v2\/pages"}],"about":[{"href":"https:\/\/alma-impact.fr\/index.php?rest_route=\/wp\/v2\/types\/page"}],"author":[{"embeddable":true,"href":"https:\/\/alma-impact.fr\/index.php?rest_route=\/wp\/v2\/users\/1"}],"replies":[{"embeddable":true,"href":"https:\/\/alma-impact.fr\/index.php?rest_route=%2Fwp%2Fv2%2Fcomments&post=91"}],"version-history":[{"count":2,"href":"https:\/\/alma-impact.fr\/index.php?rest_route=\/wp\/v2\/pages\/91\/revisions"}],"predecessor-version":[{"id":104,"href":"https:\/\/alma-impact.fr\/index.php?rest_route=\/wp\/v2\/pages\/91\/revisions\/104"}],"wp:attachment":[{"href":"https:\/\/alma-impact.fr\/index.php?rest_route=%2Fwp%2Fv2%2Fmedia&parent=91"}],"curies":[{"name":"wp","href":"https:\/\/api.w.org\/{rel}","templated":true}]}}